{"id":2150,"date":"2022-04-27T08:00:38","date_gmt":"2022-04-27T08:00:38","guid":{"rendered":"http:\/\/www.club-mate.be\/panier\/"},"modified":"2024-05-30T16:51:51","modified_gmt":"2024-05-30T16:51:51","slug":"panier","status":"publish","type":"page","link":"https:\/\/club-mate.be\/fr\/panier\/","title":{"rendered":"Panier"},"content":{"rendered":"<h1>\n<p>CART<\/p>\n<\/h1>\n\n<h1>\n<p>JOIN THE CLUB, MATE.<\/p>\n<\/h1>\n<div>\n<p>Abonnez-vous \u00e0 notre newsletter pour \u00eatre les premiers avertis de nos promos et \u00e9v\u00e9nements.<\/p>\n<\/div>\n<div>\n<p>    <script id=\"mcjs\">!function(c,h,i,m,p){m=c.createElement(h),p=c.getElementsByTagName(h)[0],m.async=1,m.src=i,p.parentNode.insertBefore(m,p)}(document,\"script\",\"https:\/\/chimpstatic.com\/mcjs-connected\/js\/users\/3e3889d67bbeee5af0941fea2\/edb0306192e96b88b5c3f5cb7.js\");<\/script>\n<\/div>\n<p><!--more--><br \/>\n<!-- {\"type\":\"layout\",\"children\":[{\"type\":\"section\",\"props\":{\"header_transparent\":true,\"height\":\"section\",\"height_offset_top\":true,\"image_position\":\"center-center\",\"padding_remove_bottom\":false,\"style\":\"secondary\",\"title_breakpoint\":\"xl\",\"title_position\":\"top-left\",\"title_rotation\":\"left\",\"vertical_align\":\"\",\"width\":\"xlarge\"},\"children\":[{\"type\":\"row\",\"children\":[{\"type\":\"column\",\"props\":{\"image_position\":\"center-center\",\"position_sticky_breakpoint\":\"m\",\"width_medium\":\"1-4\"},\"children\":[{\"type\":\"headline\",\"props\":{\"class\":\"blue-outline\",\"content\":\"\n\n<p>CART<\\\/p>\",\"title_element\":\"h1\",\"title_style\":\"h1\"},\"name\":\"*H1 + BLUE OUTLINE\"}]},{\"type\":\"column\",\"props\":{\"image_position\":\"center-center\",\"position_sticky_breakpoint\":\"m\",\"width_medium\":\"3-4\"},\"children\":[{\"type\":\"woo_pages\",\"props\":{\"css\":\".cart_totals, .cross-sells {\\n    width: 100%;\\n }\\n\\nh3 {\\n  font-weight: 900;\\n  font-style: bold;\\n  -webkit-text-stroke: 1px #4141D8;\\n  text-stroke: 1px #4141D8;\\n  line-height: 1;\\n}\\n\\n.woocommerce table.shop_table td.product-name a {\\n    color: #4141D8;\\n    text-decoration: none !important;\\n}\\n.woocommerce-info {\\n    background-color:#fce68b;\\n    color:#4141D8;\\n    border-radius:30px;\\n    padding:15px 25px;\\n}\\n\\n\\n.woocommerce table.cart td.product-price, .woocommerce table.cart td.product-subtotal {\\n\\tfont-weight: 900;\\n    font-style: bold;\\n\\t-webkit-text-stroke: 1px #4141D8;\\n\\ttext-stroke: 1px #4141D8;\\n\\tline-height: 1;\\n}\\n\\n\\n.product-name, .product-price {\\n  font-weight: 900;\\n  -webkit-text-stroke: 1px #4141D8;\\n  text-stroke: 1px #4141D8;\\n  line-height: 1;\\n}\\n\\n.order-total {\\n  font-weight: 900;\\n  font-style: bold;\\n  -webkit-text-stroke: 1px #4141D8;\\n  text-stroke: 1px #4141D8;\\n  line-height: 1;\\n  text-transform:uppercase;\\n  font-size:18px;\\n}\\n\\n.wc_payment_methods > * {\\n  margin-top: 16px;\\n  padding-top: 16px;\\n  border-top: none;\\n}\\n\\n.button.alt, .button.checkout, .button.pay, .button.view, .button[name*=\\\"save_\\\"], input[type=\\\"submit\\\"].alt, input[type=\\\"submit\\\"].checkout, input[type=\\\"submit\\\"].pay, input[type=\\\"submit\\\"].view, input[type=\\\"submit\\\"][name*=\\\"save_\\\"] {\\n  background-color: transparent;\\n  color: #f85f5f;\\n  border: 1px solid #f85f5f;\\n}\\n\\n.button.alt:hover, .button.checkout:hover, .button.pay:hover, .button.view:hover, .button[name*=\\\"save_\\\"]:hover, input[type=\\\"submit\\\"].alt:hover, input[type=\\\"submit\\\"].checkout:hover, input[type=\\\"submit\\\"].pay:hover, input[type=\\\"submit\\\"].view:hover, input[type=\\\"submit\\\"][name*=\\\"save_\\\"]:hover {\\n  background-color: transparent;\\n  color: #4141D8;\\n  border-color: #4141D8;\\n}\",\"page\":\"cart\"}}]}],\"props\":{\"layout\":\"1-4,3-4\"}}]},{\"type\":\"section\",\"props\":{\"image_position\":\"center-center\",\"style\":\"default\",\"title_breakpoint\":\"xl\",\"title_position\":\"top-left\",\"title_rotation\":\"left\",\"vertical_align\":\"middle\",\"width\":\"default\"},\"children\":[{\"type\":\"row\",\"props\":{\"column_gap\":\"medium\",\"layout\":\"2-3,1-3\"},\"children\":[{\"type\":\"column\",\"props\":{\"image_position\":\"center-center\",\"position_sticky_breakpoint\":\"m\",\"width_medium\":\"2-3\"},\"children\":[{\"type\":\"headline\",\"props\":{\"class\":\"blue-outline\",\"content\":\"\n\n<p>JOIN THE CLUB, MATE.<\\\/p>\",\"title_element\":\"h1\",\"title_style\":\"h1\"}},{\"type\":\"text\",\"props\":{\"class\":\"uk-width-xlarge@l\",\"column_breakpoint\":\"m\",\"content\":\"\n\n<p>Abonnez-vous \\u00e0 notre newsletter pour \\u00eatre les premiers avertis de nos promos et \\u00e9v\\u00e9nements.<\\\/p>\",\"margin\":\"default\",\"maxwidth\":\"large\",\"maxwidth_breakpoint\":\"m\",\"position\":\"relative\",\"position_z_index\":\"1\",\"text_align\":\"left\",\"text_align_fallback\":\"center\"}}]},{\"type\":\"column\",\"props\":{\"image_position\":\"center-center\",\"position_sticky_breakpoint\":\"m\",\"width_medium\":\"1-3\"},\"children\":[{\"type\":\"newsletter\",\"props\":{\"button_icon\":\"mail\",\"button_mode\":\"button\",\"button_style\":\"default\",\"cmonitor\":{\"client_id\":\"\",\"list_id\":\"\"},\"css\":\".uk-input, .uk-select, .uk-textarea {\\n    max-width: 100%;\\n    width: 100%;\\n    border: 0 none;\\n    border-bottom: 1px solid #4141D8;\\n    padding: 0 10px;\\n    background: #FFE26C;\\n    color: #4141D8;\\n    transition: .2s ease-in-out;\\n    transition-property: color, background-color, border-color, box-shadow;\\n}\",\"label_button\":\"S'inscrire\",\"label_email\":\"Email\",\"label_first_name\":\"First name\",\"label_last_name\":\"Last name\",\"layout\":\"grid\",\"mailchimp\":{\"client_id\":\"\",\"list_id\":\"756ff3d487\",\"double_optin\":true},\"provider\":{\"name\":\"mailchimp\",\"after_submit\":\"message\",\"message\":\"You've been subscribed successfully.\",\"redirect\":\"\"},\"show_name\":false}}]}]},{\"type\":\"row\",\"children\":[{\"type\":\"column\",\"props\":{\"image_position\":\"center-center\",\"position_sticky_breakpoint\":\"m\"},\"children\":[{\"type\":\"html\",\"props\":{\"content\":\"<script id=\\\"mcjs\\\">!function(c,h,i,m,p){m=c.createElement(h),p=c.getElementsByTagName(h)[0],m.async=1,m.src=i,p.parentNode.insertBefore(m,p)}(document,\\\"script\\\",\\\"https:\\\/\\\/chimpstatic.com\\\/mcjs-connected\\\/js\\\/users\\\/3e3889d67bbeee5af0941fea2\\\/edb0306192e96b88b5c3f5cb7.js\\\");<\\\/script>\"}}]}]}],\"name\":\"__NEWSLETTER V3* FR\"}],\"version\":\"4.3.13\"} --><\/p>\n","protected":false},"excerpt":{"rendered":"<p>CART JOIN THE CLUB, MATE. Abonnez-vous \u00e0 notre newsletter pour \u00eatre les premiers avertis de nos promos et \u00e9v\u00e9nements.<\/p>\n","protected":false},"author":1,"featured_media":0,"parent":0,"menu_order":0,"comment_status":"closed","ping_status":"closed","template":"","meta":{"_acf_changed":false,"footnotes":""},"class_list":["post-2150","page","type-page","status-publish","hentry"],"acf":[],"yoast_head":"<!-- This site is optimized with the Yoast SEO plugin v27.4 - https:\/\/yoast.com\/product\/yoast-seo-wordpress\/ -->\n<title>Panier - Club-Mate Belgium \u2022<\/title>\n<meta name=\"robots\" content=\"index, follow, max-snippet:-1, max-image-preview:large, max-video-preview:-1\" \/>\n<link rel=\"canonical\" href=\"https:\/\/club-mate.be\/cart\/\" \/>\n<meta property=\"og:locale\" content=\"fr_FR\" \/>\n<meta property=\"og:type\" content=\"article\" \/>\n<meta property=\"og:title\" content=\"Panier - Club-Mate Belgium \u2022\" \/>\n<meta property=\"og:description\" content=\"CART JOIN THE CLUB, MATE. Abonnez-vous \u00e0 notre newsletter pour \u00eatre les premiers avertis de nos promos et \u00e9v\u00e9nements.\" \/>\n<meta property=\"og:url\" content=\"https:\/\/club-mate.be\/cart\/\" \/>\n<meta property=\"og:site_name\" content=\"Club-Mate Belgium \u2022\" \/>\n<meta property=\"article:publisher\" content=\"https:\/\/www.facebook.com\/clubmatebe\" \/>\n<meta property=\"article:modified_time\" content=\"2024-05-30T16:51:51+00:00\" \/>\n<meta name=\"twitter:card\" content=\"summary_large_image\" \/>\n<script type=\"application\/ld+json\" class=\"yoast-schema-graph\">{\"@context\":\"https:\\\/\\\/schema.org\",\"@graph\":[{\"@type\":\"WebPage\",\"@id\":\"https:\\\/\\\/club-mate.be\\\/cart\\\/\",\"url\":\"https:\\\/\\\/club-mate.be\\\/cart\\\/\",\"name\":\"Panier - Club-Mate Belgium \u2022\",\"isPartOf\":{\"@id\":\"https:\\\/\\\/club-mate.be\\\/#website\"},\"datePublished\":\"2022-04-27T08:00:38+00:00\",\"dateModified\":\"2024-05-30T16:51:51+00:00\",\"breadcrumb\":{\"@id\":\"https:\\\/\\\/club-mate.be\\\/cart\\\/#breadcrumb\"},\"inLanguage\":\"fr-FR\",\"potentialAction\":[{\"@type\":\"ReadAction\",\"target\":[\"https:\\\/\\\/club-mate.be\\\/cart\\\/\"]}]},{\"@type\":\"BreadcrumbList\",\"@id\":\"https:\\\/\\\/club-mate.be\\\/cart\\\/#breadcrumb\",\"itemListElement\":[{\"@type\":\"ListItem\",\"position\":1,\"name\":\"Home\",\"item\":\"https:\\\/\\\/club-mate.be\\\/\"},{\"@type\":\"ListItem\",\"position\":2,\"name\":\"Panier\"}]},{\"@type\":\"WebSite\",\"@id\":\"https:\\\/\\\/club-mate.be\\\/#website\",\"url\":\"https:\\\/\\\/club-mate.be\\\/\",\"name\":\"Club-Mate Belgium \u2022\",\"description\":\"Fizzy minds in fresh bodies\",\"publisher\":{\"@id\":\"https:\\\/\\\/club-mate.be\\\/#organization\"},\"potentialAction\":[{\"@type\":\"SearchAction\",\"target\":{\"@type\":\"EntryPoint\",\"urlTemplate\":\"https:\\\/\\\/club-mate.be\\\/?s={search_term_string}\"},\"query-input\":{\"@type\":\"PropertyValueSpecification\",\"valueRequired\":true,\"valueName\":\"search_term_string\"}}],\"inLanguage\":\"fr-FR\"},{\"@type\":\"Organization\",\"@id\":\"https:\\\/\\\/club-mate.be\\\/#organization\",\"name\":\"Club-Mate\",\"url\":\"https:\\\/\\\/club-mate.be\\\/\",\"logo\":{\"@type\":\"ImageObject\",\"inLanguage\":\"fr-FR\",\"@id\":\"https:\\\/\\\/club-mate.be\\\/#\\\/schema\\\/logo\\\/image\\\/\",\"url\":\"http:\\\/\\\/www.club-mate.be\\\/wp-content\\\/uploads\\\/2022\\\/05\\\/te\u0301le\u0301chargement.png\",\"contentUrl\":\"http:\\\/\\\/www.club-mate.be\\\/wp-content\\\/uploads\\\/2022\\\/05\\\/te\u0301le\u0301chargement.png\",\"width\":311,\"height\":162,\"caption\":\"Club-Mate\"},\"image\":{\"@id\":\"https:\\\/\\\/club-mate.be\\\/#\\\/schema\\\/logo\\\/image\\\/\"},\"sameAs\":[\"https:\\\/\\\/www.facebook.com\\\/clubmatebe\"]}]}<\/script>\n<!-- \/ Yoast SEO plugin. -->","yoast_head_json":{"title":"Panier - Club-Mate Belgium \u2022","robots":{"index":"index","follow":"follow","max-snippet":"max-snippet:-1","max-image-preview":"max-image-preview:large","max-video-preview":"max-video-preview:-1"},"canonical":"https:\/\/club-mate.be\/cart\/","og_locale":"fr_FR","og_type":"article","og_title":"Panier - Club-Mate Belgium \u2022","og_description":"CART JOIN THE CLUB, MATE. Abonnez-vous \u00e0 notre newsletter pour \u00eatre les premiers avertis de nos promos et \u00e9v\u00e9nements.","og_url":"https:\/\/club-mate.be\/cart\/","og_site_name":"Club-Mate Belgium \u2022","article_publisher":"https:\/\/www.facebook.com\/clubmatebe","article_modified_time":"2024-05-30T16:51:51+00:00","twitter_card":"summary_large_image","schema":{"@context":"https:\/\/schema.org","@graph":[{"@type":"WebPage","@id":"https:\/\/club-mate.be\/cart\/","url":"https:\/\/club-mate.be\/cart\/","name":"Panier - Club-Mate Belgium \u2022","isPartOf":{"@id":"https:\/\/club-mate.be\/#website"},"datePublished":"2022-04-27T08:00:38+00:00","dateModified":"2024-05-30T16:51:51+00:00","breadcrumb":{"@id":"https:\/\/club-mate.be\/cart\/#breadcrumb"},"inLanguage":"fr-FR","potentialAction":[{"@type":"ReadAction","target":["https:\/\/club-mate.be\/cart\/"]}]},{"@type":"BreadcrumbList","@id":"https:\/\/club-mate.be\/cart\/#breadcrumb","itemListElement":[{"@type":"ListItem","position":1,"name":"Home","item":"https:\/\/club-mate.be\/"},{"@type":"ListItem","position":2,"name":"Panier"}]},{"@type":"WebSite","@id":"https:\/\/club-mate.be\/#website","url":"https:\/\/club-mate.be\/","name":"Club-Mate Belgium \u2022","description":"Fizzy minds in fresh bodies","publisher":{"@id":"https:\/\/club-mate.be\/#organization"},"potentialAction":[{"@type":"SearchAction","target":{"@type":"EntryPoint","urlTemplate":"https:\/\/club-mate.be\/?s={search_term_string}"},"query-input":{"@type":"PropertyValueSpecification","valueRequired":true,"valueName":"search_term_string"}}],"inLanguage":"fr-FR"},{"@type":"Organization","@id":"https:\/\/club-mate.be\/#organization","name":"Club-Mate","url":"https:\/\/club-mate.be\/","logo":{"@type":"ImageObject","inLanguage":"fr-FR","@id":"https:\/\/club-mate.be\/#\/schema\/logo\/image\/","url":"http:\/\/www.club-mate.be\/wp-content\/uploads\/2022\/05\/te\u0301le\u0301chargement.png","contentUrl":"http:\/\/www.club-mate.be\/wp-content\/uploads\/2022\/05\/te\u0301le\u0301chargement.png","width":311,"height":162,"caption":"Club-Mate"},"image":{"@id":"https:\/\/club-mate.be\/#\/schema\/logo\/image\/"},"sameAs":["https:\/\/www.facebook.com\/clubmatebe"]}]}},"_links":{"self":[{"href":"https:\/\/club-mate.be\/fr\/wp-json\/wp\/v2\/pages\/2150","targetHints":{"allow":["GET"]}}],"collection":[{"href":"https:\/\/club-mate.be\/fr\/wp-json\/wp\/v2\/pages"}],"about":[{"href":"https:\/\/club-mate.be\/fr\/wp-json\/wp\/v2\/types\/page"}],"author":[{"embeddable":true,"href":"https:\/\/club-mate.be\/fr\/wp-json\/wp\/v2\/users\/1"}],"replies":[{"embeddable":true,"href":"https:\/\/club-mate.be\/fr\/wp-json\/wp\/v2\/comments?post=2150"}],"version-history":[{"count":9,"href":"https:\/\/club-mate.be\/fr\/wp-json\/wp\/v2\/pages\/2150\/revisions"}],"predecessor-version":[{"id":4919,"href":"https:\/\/club-mate.be\/fr\/wp-json\/wp\/v2\/pages\/2150\/revisions\/4919"}],"wp:attachment":[{"href":"https:\/\/club-mate.be\/fr\/wp-json\/wp\/v2\/media?parent=2150"}],"curies":[{"name":"wp","href":"https:\/\/api.w.org\/{rel}","templated":true}]}}