{"id":2578,"date":"2022-06-08T12:41:59","date_gmt":"2022-06-08T12:41:59","guid":{"rendered":"http:\/\/www.club-mate.be\/terms-conditions\/"},"modified":"2024-05-03T19:59:31","modified_gmt":"2024-05-03T19:59:31","slug":"conditions-generales","status":"publish","type":"page","link":"https:\/\/club-mate.be\/fr\/conditions-generales\/","title":{"rendered":"Conditions G\u00e9n\u00e9rales de vente"},"content":{"rendered":"<div>\n<div class=\"uk-margin-medium\">\n<div>\n<ol>\n<li>Les pr\u00e9sentes conditions g\u00e9n\u00e9rales (ci-apr\u00e8s \u00ab les Conditions G\u00e9n\u00e9rales \u00bb) ont pour objet de d\u00e9finir les droits et obligations des parties dans le cadre de l\u2019ex\u00e9cution et la livraison de commande par Lovibond, soci\u00e9t\u00e9 \u00e0 responsabilit\u00e9 limit\u00e9e dont le si\u00e8ge social est \u00e9tabli \u00e0 1030 Schaerbeek, Chauss\u00e9e de Louvain 442, bte 1 et inscrite \u00e0 la BCE sous le num\u00e9ro 0673.522.864, en faveur du Client.<\/li>\n<\/ol>\n<ol start=\"2\">\n<li>Les pr\u00e9sentes Conditions G\u00e9n\u00e9rales s\u2019appliquent \u00e0 toute commande adress\u00e9e par le Client \u00e0 Lovibond, \u00e0 l\u2019exclusion de tout autre document et notamment des conditions g\u00e9n\u00e9rales du Client. Le Client certifie, \u00e0 ce titre, \u00eatre une personne physique qui agit \u00e0 des fins qui n\u2019entrent pas dans le cadre de son activit\u00e9 commerciale, industrielle, artisanale ou lib\u00e9rale.<\/li>\n<\/ol>\n<p>En adressant une commande \u00e0 Lovibond, le Client est r\u00e9put\u00e9 avoir accept\u00e9 les pr\u00e9sentes Conditions G\u00e9n\u00e9rales sans aucune r\u00e9serve.<\/p>\n<h3><strong>Processus de commande<\/strong><\/h3>\n<ol start=\"3\">\n<li>Toute commande doit \u00eatre adress\u00e9e \u00e0 Lovibond via la boutique en ligne, accessible \u00e0 l\u2019adresse suivante\u00a0:<br \/>\n<a href=\"http:\/\/www.club-mate.be\/eshop\">http:\/\/www.club-mate.be\/eshop<\/a><\/li>\n<\/ol>\n<p>Pour passer une commande aupr\u00e8s de Lovibond, le Client s\u00e9lectionne\u00a0 les produits souhait\u00e9s sur la page pr\u00e9vue \u00e0 cet effet et communique \u00e0 Lovibond ses nom et pr\u00e9nom, l\u2019adresse principale de livraison ainsi que son num\u00e9ro de t\u00e9l\u00e9phone et accepte que ces informations soient enregistr\u00e9es dans la base de donn\u00e9es client\u00e8le de Lovibond.<\/p>\n<p>Au besoin, le Client indique une adresse secondaire, \u00e0 proximit\u00e9 imm\u00e9diate de l\u2019adresse principale, \u00e0 laquelle la commande peut \u00eatre livr\u00e9e en cas d\u2019absence \u00e0 l\u2019adresse principale (voisin, \u00e9picerie,\u2026).<\/p>\n<p>Le Client indique dans sa commande les tranches horaires de livraison souhait\u00e9es parmi les deux tranches horaires suivantes\u00a0:<\/p>\n<ul>\n<li>Entre 8h30 et 18h00<\/li>\n<li>Entre 17h00 et 21h00<\/li>\n<\/ul>\n<p>Dans sa commande, le Client indique aussi si des vidanges devront ou non \u00eatre r\u00e9cup\u00e9r\u00e9es. Toute modification de ces informations doit \u00eatre notifi\u00e9e \u00e0 Lovibond avant qu\u2019il ne soit proc\u00e9d\u00e9 \u00e0 la livraison de la commande.<\/p>\n<p>Pr\u00e9alablement au paiement, toute commande fait l\u2019objet d\u2019un r\u00e9capitulatif permettant au Client de proc\u00e9der \u00e0 la modification de sa commande ou d\u2019y renoncer, sans devoir payer une quelconque indemnit\u00e9.<\/p>\n<p>La commande telle qu\u2019identifi\u00e9e dans le r\u00e9capitulatif de commande n\u2019est valable que pour la dur\u00e9e de celui-ci. Apr\u00e8s communication du r\u00e9capitulatif de commande, si le Client estime la commande y \u00e9tant d\u00e9taill\u00e9e comme est conforme \u00e0 ses attentes, il peut la confirmer, en proc\u00e9dant au paiement du prix indiqu\u00e9, afin qu\u2019elle soit ex\u00e9cut\u00e9e par Lovibond.<\/p>\n<p>Lovibond se r\u00e9serve le droit de refuser la commande lui \u00e9tant adress\u00e9e si\u00a0:<\/p>\n<ul>\n<li>Les informations fournies par le Client sont manifestement incorrectes\u00a0;<\/li>\n<li>L\u2019adresse de livraison se situe en dehors des villes de Bruxelles, Gand, Anvers, Namur ou Li\u00e8ge\u00a0;<\/li>\n<li>Les produits command\u00e9s sont en rupture de stock\u00a0:<\/li>\n<\/ul>\n<p>Sous r\u00e9serve de ce qui pr\u00e9c\u00e8de, une fois la commande confirm\u00e9e par le Client, Lovibond adresse au client un accus\u00e9 r\u00e9ception, auquel est annex\u00e9e une copie des pr\u00e9sentes Conditions G\u00e9n\u00e9rales.<\/p>\n<p>Avant d\u2019adresser une commande \u00e0 Lovibond, le Client reconnait avoir pris connaissance des conditions tarifaires et de l\u2019ensemble des caract\u00e9ristiques des produits fournis par Lovibond.<\/p>\n<h3><strong>Ex\u00e9cution de la commande<\/strong><\/h3>\n<ol start=\"4\">\n<li>Lovibond met tout en \u0153uvre afin d\u2019ex\u00e9cuter la commande conform\u00e9ment \u00e0 la confirmation de commande.<\/li>\n<\/ol>\n<p>En cas d\u2019impossibilit\u00e9 pour Lovibond d\u2019ex\u00e9cuter la demande pour des raisons ind\u00e9pendantes de sa volont\u00e9, Lovibond en informe le Client qui sera rembours\u00e9.<\/p>\n<h3><strong>Absence de droit de r\u00e9tractation<\/strong><\/h3>\n<ol start=\"5\">\n<li>Le Client reconnait que les produits propos\u00e9s par Lovibond sont des produits p\u00e9rissables, susceptibles de se d\u00e9t\u00e9riorer rapidement \u00e0 d\u00e9faut de faire l\u2019objet de mesures de conservations sp\u00e9cifiques.<\/li>\n<\/ol>\n<p>Par cons\u00e9quent et conform\u00e9ment \u00e0 l\u2019article VI.53, 4\u00b0 du Code de droit \u00e9conomique, le Client ne dispose d\u2019aucun droit de r\u00e9tractation et aucune commande ayant fait l\u2019objet d\u2019un accus\u00e9 de r\u00e9ception ne pourra d\u00e8s lors \u00eatre annul\u00e9e par le Client.<\/p>\n<h3><strong>Livraison de la commande<\/strong><\/h3>\n<ol start=\"6\">\n<li>Toute commande adress\u00e9e \u00e0 Lovibond et confirm\u00e9e sera livr\u00e9e, dans la mesure du possible, dans un d\u00e9lai de 5 jours ouvrables \u00e0 l\u2019adresse indiqu\u00e9e par le Client dans sa demande de commande, dans les limites g\u00e9ographiques vis\u00e9es \u00e0 l\u2019article 3.<\/li>\n<\/ol>\n<p>Le Client prend ses dispositions pour que la commande soit r\u00e9ceptionn\u00e9e en personne\u00a0\u00e0 la tranche horaire qu\u2019il a indiqu\u00e9 dans sa demande de commande, tel que vis\u00e9 \u00e0 l\u2019article 3.<\/p>\n<p>En cas d\u2019absence \u00e0 l\u2019adresse principale de livraison, la commande sera livr\u00e9e \u00e0 l\u2019adresse secondaire, pour autant que celle-ci soit \u00e0 proximit\u00e9 imm\u00e9diate de l\u2019adresse principale. \u00c0 d\u00e9faut de r\u00e9ception \u00e0 l\u2019adresse principale ou secondaire, la commande du Client est r\u00e9put\u00e9e avoir \u00e9t\u00e9 r\u00e9sili\u00e9e par le Client. Dans ce cas, la commande est rembours\u00e9e au client, d\u00e9duction faite des frais de livraison qui seront conserv\u00e9s par Lovibond.<\/p>\n<p>Lovibond ne pourra \u00eatre tenue pour responsable en cas de retard dans la livraison de la commande suite \u00e0 des difficult\u00e9s \u00e0 trouver le lieu de livraison, \u00e0 un accident imputable \u00e0 un tiers, \u00e0 un trafic dense ou d\u2019autres \u00e9l\u00e9ments fortuits, sans pr\u00e9judice de l\u2019obligation pour le Client de r\u00e9ceptionner la commande \u00e0 l\u2019adresse indiqu\u00e9e.<\/p>\n<h3><strong>Reprise des vidanges<\/strong><\/h3>\n<ol start=\"7\">\n<li>Les vidanges des commandes sont reprises chez le Client \u00e0 la livraison de chaque nouvelle commande, pour autant que la pr\u00e9sence de vidange ait \u00e9t\u00e9 indiqu\u00e9e par le Client conform\u00e9ment \u00e0 l\u2019article 3.<\/li>\n<\/ol>\n<p>Seules les unit\u00e9s compl\u00e8tement vides ou compl\u00e8tement remplies, comprenant des vidanges vides et identiques \u00e0 la commande initiale pass\u00e9e chez Lovibond seront reprises par Lovibond et pourront faire l\u2019objet d\u2019une note de cr\u00e9dit sur sa prochaine commande ou d\u2019un remboursement au Client. Une unit\u00e9 dans laquelle une ou plusieurs vidanges est manquantes doit \u00eatre consid\u00e9r\u00e9e comme \u00e9tant compl\u00e8tement vide.<\/p>\n<h3><strong>Garantie<\/strong><\/h3>\n<p>Lovibond r\u00e9pond vis-\u00e0-vis du Client de tout d\u00e9faut de conformit\u00e9 qui existe lors de la d\u00e9livrance du bien et qui appara\u00eet dans un d\u00e9lai de deux ans \u00e0 compter de celle-ci, pour autant que ce d\u00e9faut ne soit pas inh\u00e9rent \u00e0 la nature du bien command\u00e9.<\/p>\n<p>Le Client peut, \u00e0 cet \u00e9gard, exercer les droits dont il dispose en vertu des articles 1649<em>quater<\/em> et suivants du Code civil.<\/p>\n<h3><strong>Paiement<\/strong><\/h3>\n<ol start=\"8\">\n<li>Le Client a pris connaissance du fait que Lovibond n\u2019est pas un fournisseur de services de paiement en ligne et ne g\u00e8re aucunement les moyens de paiement mis \u00e0 disposition sur son site web. Les paiements sont g\u00e9r\u00e9s par le service de paiement en ligne Mollie Payments. En cons\u00e9quence, Lovibond ne pourra aucunement \u00eatre tenu pour responsable en cas de fraude, d\u00e9faillance, vol ou tout autre incident li\u00e9 \u00e0 l\u2019utilisation syst\u00e8me de paiement mis \u00e0 sa disposition et fournis par Mollie Payments.<\/li>\n<\/ol>\n<p>Les prix des Services tels que mentionn\u00e9s sur le site web de Lovibond comprennent la TVA. Les factures de chaque commande sont disponibles sur le compte-client du Client et t\u00e9l\u00e9chargeables au format PDF<\/p>\n<h3><strong>Responsabilit\u00e9<\/strong><\/h3>\n<ol start=\"9\">\n<li>Lovibond d\u00e9cline toute responsabilit\u00e9 en cas de dommages indirects, y compris notamment tout pr\u00e9judice financier ou commercial, perte de client\u00e8le ou d\u2019\u00e9pargne, trouble commercial quelconque, toute augmentation des co\u00fbts et autres frais g\u00e9n\u00e9raux, perte de b\u00e9n\u00e9fice ou perte d\u2019image de marque.<\/li>\n<\/ol>\n<h3><strong>Divers<\/strong><\/h3>\n<ol start=\"10\">\n<li>En cas d\u2019invalidation, d\u2019inopposabilit\u00e9 ou de nullit\u00e9 partielle ou totale de l\u2019une ou l\u2019autre des clauses des pr\u00e9sentes Conditions G\u00e9n\u00e9rales, les Parties s\u2019engagent \u00e0 n\u00e9gocier de bonne foi une clause comportant des modalit\u00e9s permettant de produire un effet \u00e9conomique \u00e9quivalent \u00e0 celui de la disposition en cause. Les Parties conviennent en outre que les autres dispositions des pr\u00e9sentes n\u2019en sont nullement affect\u00e9es et demeurent d\u00e8s lors toujours pleinement en vigueur.<\/li>\n<\/ol>\n<p>En cas d\u2019action intent\u00e9e par Lovibond contre le Client, le tribunal du domicile du Client sera seul comp\u00e9tent. Dans tous les autres cas, les juridictions de Bruxelles sont exclusivement comp\u00e9tentes pour connaitre de tout litige r\u00e9sultant ou li\u00e9 aux pr\u00e9sentes Conditions G\u00e9n\u00e9rales.<\/p>\n<p>Les pr\u00e9sentes Conditions G\u00e9n\u00e9rales sont r\u00e9gies et interpr\u00e9t\u00e9es exclusivement selon le droit belge.<\/p>\n<p>Pour toute question quant aux produits propos\u00e9s ou aux pr\u00e9sentes Conditions G\u00e9n\u00e9rales, le Client peut contacter Lovibond par t\u00e9l\u00e9phone les jours ouvrables entre 9 et 17 heures au num\u00e9ro suivant 02\/315.52.34 ou par e-mail \u00e0 l\u2019adresse suivante order@lovibond-drinks.be.<\/p>\n<\/div>\n<\/div>\n<\/div>\n<p><!--more--><\/p>\n","protected":false},"excerpt":{"rendered":"<p>Les pr\u00e9sentes conditions g\u00e9n\u00e9rales (ci-apr\u00e8s \u00ab les Conditions G\u00e9n\u00e9rales \u00bb) ont pour objet de d\u00e9finir les droits et obligations des parties dans le cadre de l\u2019ex\u00e9cution et la livraison de commande par Lovibond, soci\u00e9t\u00e9 \u00e0 responsabilit\u00e9 limit\u00e9e dont le si\u00e8ge social est \u00e9tabli \u00e0 1030 Schaerbeek, Chauss\u00e9e de Louvain 442, bte 1 et inscrite \u00e0 [&hellip;]<\/p>\n","protected":false},"author":324,"featured_media":0,"parent":0,"menu_order":0,"comment_status":"closed","ping_status":"closed","template":"","meta":{"_acf_changed":false,"footnotes":""},"class_list":["post-2578","page","type-page","status-publish","hentry"],"acf":[],"yoast_head":"<!-- This site is optimized with the Yoast SEO plugin v27.4 - https:\/\/yoast.com\/product\/yoast-seo-wordpress\/ -->\n<title>Conditions G\u00e9n\u00e9rales de vente - Club-Mate Belgium \u2022<\/title>\n<meta name=\"robots\" content=\"index, follow, max-snippet:-1, max-image-preview:large, max-video-preview:-1\" \/>\n<link rel=\"canonical\" href=\"https:\/\/club-mate.be\/fr\/conditions-generales\/\" \/>\n<meta property=\"og:locale\" content=\"fr_FR\" \/>\n<meta property=\"og:type\" content=\"article\" \/>\n<meta property=\"og:title\" content=\"Conditions G\u00e9n\u00e9rales de vente - Club-Mate Belgium \u2022\" \/>\n<meta property=\"og:description\" content=\"Les pr\u00e9sentes conditions g\u00e9n\u00e9rales (ci-apr\u00e8s \u00ab les Conditions G\u00e9n\u00e9rales \u00bb) ont pour objet de d\u00e9finir les droits et obligations des parties dans le cadre de l\u2019ex\u00e9cution et la livraison de commande par Lovibond, soci\u00e9t\u00e9 \u00e0 responsabilit\u00e9 limit\u00e9e dont le si\u00e8ge social est \u00e9tabli \u00e0 1030 Schaerbeek, Chauss\u00e9e de Louvain 442, bte 1 et inscrite \u00e0 [&hellip;]\" \/>\n<meta property=\"og:url\" content=\"https:\/\/club-mate.be\/fr\/conditions-generales\/\" \/>\n<meta property=\"og:site_name\" content=\"Club-Mate Belgium \u2022\" \/>\n<meta property=\"article:publisher\" content=\"https:\/\/www.facebook.com\/clubmatebe\" \/>\n<meta property=\"article:modified_time\" content=\"2024-05-03T19:59:31+00:00\" \/>\n<meta name=\"twitter:card\" content=\"summary_large_image\" \/>\n<meta name=\"twitter:label1\" content=\"Dur\u00e9e de lecture estim\u00e9e\" \/>\n\t<meta name=\"twitter:data1\" content=\"6 minutes\" \/>\n<script type=\"application\/ld+json\" class=\"yoast-schema-graph\">{\"@context\":\"https:\\\/\\\/schema.org\",\"@graph\":[{\"@type\":\"WebPage\",\"@id\":\"https:\\\/\\\/club-mate.be\\\/fr\\\/conditions-generales\\\/\",\"url\":\"https:\\\/\\\/club-mate.be\\\/fr\\\/conditions-generales\\\/\",\"name\":\"Conditions G\u00e9n\u00e9rales de vente - Club-Mate Belgium \u2022\",\"isPartOf\":{\"@id\":\"https:\\\/\\\/club-mate.be\\\/#website\"},\"datePublished\":\"2022-06-08T12:41:59+00:00\",\"dateModified\":\"2024-05-03T19:59:31+00:00\",\"breadcrumb\":{\"@id\":\"https:\\\/\\\/club-mate.be\\\/fr\\\/conditions-generales\\\/#breadcrumb\"},\"inLanguage\":\"fr-FR\",\"potentialAction\":[{\"@type\":\"ReadAction\",\"target\":[\"https:\\\/\\\/club-mate.be\\\/fr\\\/conditions-generales\\\/\"]}]},{\"@type\":\"BreadcrumbList\",\"@id\":\"https:\\\/\\\/club-mate.be\\\/fr\\\/conditions-generales\\\/#breadcrumb\",\"itemListElement\":[{\"@type\":\"ListItem\",\"position\":1,\"name\":\"Home\",\"item\":\"https:\\\/\\\/club-mate.be\\\/\"},{\"@type\":\"ListItem\",\"position\":2,\"name\":\"Conditions G\u00e9n\u00e9rales de vente\"}]},{\"@type\":\"WebSite\",\"@id\":\"https:\\\/\\\/club-mate.be\\\/#website\",\"url\":\"https:\\\/\\\/club-mate.be\\\/\",\"name\":\"Club-Mate Belgium \u2022\",\"description\":\"Fizzy minds in fresh bodies\",\"publisher\":{\"@id\":\"https:\\\/\\\/club-mate.be\\\/#organization\"},\"potentialAction\":[{\"@type\":\"SearchAction\",\"target\":{\"@type\":\"EntryPoint\",\"urlTemplate\":\"https:\\\/\\\/club-mate.be\\\/?s={search_term_string}\"},\"query-input\":{\"@type\":\"PropertyValueSpecification\",\"valueRequired\":true,\"valueName\":\"search_term_string\"}}],\"inLanguage\":\"fr-FR\"},{\"@type\":\"Organization\",\"@id\":\"https:\\\/\\\/club-mate.be\\\/#organization\",\"name\":\"Club-Mate\",\"url\":\"https:\\\/\\\/club-mate.be\\\/\",\"logo\":{\"@type\":\"ImageObject\",\"inLanguage\":\"fr-FR\",\"@id\":\"https:\\\/\\\/club-mate.be\\\/#\\\/schema\\\/logo\\\/image\\\/\",\"url\":\"http:\\\/\\\/www.club-mate.be\\\/wp-content\\\/uploads\\\/2022\\\/05\\\/te\u0301le\u0301chargement.png\",\"contentUrl\":\"http:\\\/\\\/www.club-mate.be\\\/wp-content\\\/uploads\\\/2022\\\/05\\\/te\u0301le\u0301chargement.png\",\"width\":311,\"height\":162,\"caption\":\"Club-Mate\"},\"image\":{\"@id\":\"https:\\\/\\\/club-mate.be\\\/#\\\/schema\\\/logo\\\/image\\\/\"},\"sameAs\":[\"https:\\\/\\\/www.facebook.com\\\/clubmatebe\"]}]}<\/script>\n<!-- \/ Yoast SEO plugin. -->","yoast_head_json":{"title":"Conditions G\u00e9n\u00e9rales de vente - Club-Mate Belgium \u2022","robots":{"index":"index","follow":"follow","max-snippet":"max-snippet:-1","max-image-preview":"max-image-preview:large","max-video-preview":"max-video-preview:-1"},"canonical":"https:\/\/club-mate.be\/fr\/conditions-generales\/","og_locale":"fr_FR","og_type":"article","og_title":"Conditions G\u00e9n\u00e9rales de vente - Club-Mate Belgium \u2022","og_description":"Les pr\u00e9sentes conditions g\u00e9n\u00e9rales (ci-apr\u00e8s \u00ab les Conditions G\u00e9n\u00e9rales \u00bb) ont pour objet de d\u00e9finir les droits et obligations des parties dans le cadre de l\u2019ex\u00e9cution et la livraison de commande par Lovibond, soci\u00e9t\u00e9 \u00e0 responsabilit\u00e9 limit\u00e9e dont le si\u00e8ge social est \u00e9tabli \u00e0 1030 Schaerbeek, Chauss\u00e9e de Louvain 442, bte 1 et inscrite \u00e0 [&hellip;]","og_url":"https:\/\/club-mate.be\/fr\/conditions-generales\/","og_site_name":"Club-Mate Belgium \u2022","article_publisher":"https:\/\/www.facebook.com\/clubmatebe","article_modified_time":"2024-05-03T19:59:31+00:00","twitter_card":"summary_large_image","twitter_misc":{"Dur\u00e9e de lecture estim\u00e9e":"6 minutes"},"schema":{"@context":"https:\/\/schema.org","@graph":[{"@type":"WebPage","@id":"https:\/\/club-mate.be\/fr\/conditions-generales\/","url":"https:\/\/club-mate.be\/fr\/conditions-generales\/","name":"Conditions G\u00e9n\u00e9rales de vente - Club-Mate Belgium \u2022","isPartOf":{"@id":"https:\/\/club-mate.be\/#website"},"datePublished":"2022-06-08T12:41:59+00:00","dateModified":"2024-05-03T19:59:31+00:00","breadcrumb":{"@id":"https:\/\/club-mate.be\/fr\/conditions-generales\/#breadcrumb"},"inLanguage":"fr-FR","potentialAction":[{"@type":"ReadAction","target":["https:\/\/club-mate.be\/fr\/conditions-generales\/"]}]},{"@type":"BreadcrumbList","@id":"https:\/\/club-mate.be\/fr\/conditions-generales\/#breadcrumb","itemListElement":[{"@type":"ListItem","position":1,"name":"Home","item":"https:\/\/club-mate.be\/"},{"@type":"ListItem","position":2,"name":"Conditions G\u00e9n\u00e9rales de vente"}]},{"@type":"WebSite","@id":"https:\/\/club-mate.be\/#website","url":"https:\/\/club-mate.be\/","name":"Club-Mate Belgium \u2022","description":"Fizzy minds in fresh bodies","publisher":{"@id":"https:\/\/club-mate.be\/#organization"},"potentialAction":[{"@type":"SearchAction","target":{"@type":"EntryPoint","urlTemplate":"https:\/\/club-mate.be\/?s={search_term_string}"},"query-input":{"@type":"PropertyValueSpecification","valueRequired":true,"valueName":"search_term_string"}}],"inLanguage":"fr-FR"},{"@type":"Organization","@id":"https:\/\/club-mate.be\/#organization","name":"Club-Mate","url":"https:\/\/club-mate.be\/","logo":{"@type":"ImageObject","inLanguage":"fr-FR","@id":"https:\/\/club-mate.be\/#\/schema\/logo\/image\/","url":"http:\/\/www.club-mate.be\/wp-content\/uploads\/2022\/05\/te\u0301le\u0301chargement.png","contentUrl":"http:\/\/www.club-mate.be\/wp-content\/uploads\/2022\/05\/te\u0301le\u0301chargement.png","width":311,"height":162,"caption":"Club-Mate"},"image":{"@id":"https:\/\/club-mate.be\/#\/schema\/logo\/image\/"},"sameAs":["https:\/\/www.facebook.com\/clubmatebe"]}]}},"_links":{"self":[{"href":"https:\/\/club-mate.be\/fr\/wp-json\/wp\/v2\/pages\/2578","targetHints":{"allow":["GET"]}}],"collection":[{"href":"https:\/\/club-mate.be\/fr\/wp-json\/wp\/v2\/pages"}],"about":[{"href":"https:\/\/club-mate.be\/fr\/wp-json\/wp\/v2\/types\/page"}],"author":[{"embeddable":true,"href":"https:\/\/club-mate.be\/fr\/wp-json\/wp\/v2\/users\/324"}],"replies":[{"embeddable":true,"href":"https:\/\/club-mate.be\/fr\/wp-json\/wp\/v2\/comments?post=2578"}],"version-history":[{"count":8,"href":"https:\/\/club-mate.be\/fr\/wp-json\/wp\/v2\/pages\/2578\/revisions"}],"predecessor-version":[{"id":4760,"href":"https:\/\/club-mate.be\/fr\/wp-json\/wp\/v2\/pages\/2578\/revisions\/4760"}],"wp:attachment":[{"href":"https:\/\/club-mate.be\/fr\/wp-json\/wp\/v2\/media?parent=2578"}],"curies":[{"name":"wp","href":"https:\/\/api.w.org\/{rel}","templated":true}]}}